{"id":10,"date":"2018-10-09T19:27:44","date_gmt":"2018-10-09T19:27:44","guid":{"rendered":"http:\/\/fewo-tessenow.de\/?page_id=10"},"modified":"2018-10-30T12:59:46","modified_gmt":"2018-10-30T12:59:46","slug":"startseite-2","status":"publish","type":"page","link":"https:\/\/fewo-tessenow.de\/","title":{"rendered":"Startseite"},"content":{"rendered":"<p>Interessieren Sie sich f\u00fcr einen Urlaub in der Mecklenburgischen Schweiz?<\/p>\n<p>Dann:\u00a0\u00a0\u00a0\u00a0 Herzlich willkommen.<\/p>\n<p>Unser Ferienhaus steht am Rand eines Waldes, dessen H\u00fcgel es in sich haben. Die abwechslungsreiche -durch H\u00fcgel, aber auch durch sch\u00f6ne Blicke in die Weite, gepr\u00e4gte- Landschaft mit ihren alten Eichen, S\u00f6llen, Baumreihen und -gruppen erinnerte schon einen preu\u00dfischen Thronfolger an die Schweiz.<\/p>\n<p>Hier kann man gut spazieren gehen, wandern, Rad fahren, Tiere beobachten und fotografieren. Oder man nutzt das Haus als Ausgangspunkt f\u00fcr die Erkundung des Landes mit dem Auto. Bis Waren an der M\u00fcritz sind es nur 25 km, bis Rostock ca. 60 km. Stralsund oder Schwerin sind in 2 Stunden erreichbar. Viel n\u00e4her liegen G\u00fcstrow und Stavenhagen oder die tausendj\u00e4hrigen Ivenacker Eichen. In Teterow, nur etwa 7 km entfernt, kann man f\u00fcr seinen Einkauf unter 8 Superm\u00e4rkten bzw. Discountern w\u00e4hlen. Da gibt es den Teterower See mit einer gut ausgebauten Badestelle, einer F\u00e4hre zur Burgwallinsel und einem \u00fcberdachten mittelgro\u00dfen Boot, das im Sommer im Linienbetrieb \u00fcber den See unterwegs ist.\u00a0 Baden kann man im Sommer nicht nur in der Ostsee sondern auch im Malchiner See oder im nur 4 km entfernten Haussee in Schorssow.<\/p>\n<p>Unser Haus besitzt neben dem Wohnraum mit E\u00dftisch und Sitzecke drei Schlafzimmer, eine K\u00fcche, ein Bad und 2 separate Toilettenr\u00e4ume.<\/p>\n<p>Wenn es k\u00fchler wird, kann das Haus mit dem zentral gelegenen Kamin vollst\u00e4ndig erw\u00e4rmt werden. Das Holz stellen wir dazu bereit. Das klappt auch im Winter bei -20\u00b0C.<\/p>\n<p>&nbsp;<\/p>\n","protected":false},"excerpt":{"rendered":"<p>Interessieren Sie sich f\u00fcr einen Urlaub in der Mecklenburgischen Schweiz? Dann:\u00a0\u00a0\u00a0\u00a0 Herzlich willkommen. Unser Ferienhaus steht am Rand eines Waldes, dessen H\u00fcgel es in sich haben. Die abwechslungsreiche -durch H\u00fcgel, &hellip; <\/p>\n","protected":false},"author":1,"featured_media":0,"parent":0,"menu_order":0,"comment_status":"closed","ping_status":"closed","template":"","meta":{"footnotes":""},"class_list":["post-10","page","type-page","status-publish","hentry"],"_links":{"self":[{"href":"https:\/\/fewo-tessenow.de\/index.php?rest_route=\/wp\/v2\/pages\/10","targetHints":{"allow":["GET"]}}],"collection":[{"href":"https:\/\/fewo-tessenow.de\/index.php?rest_route=\/wp\/v2\/pages"}],"about":[{"href":"https:\/\/fewo-tessenow.de\/index.php?rest_route=\/wp\/v2\/types\/page"}],"author":[{"embeddable":true,"href":"https:\/\/fewo-tessenow.de\/index.php?rest_route=\/wp\/v2\/users\/1"}],"replies":[{"embeddable":true,"href":"https:\/\/fewo-tessenow.de\/index.php?rest_route=%2Fwp%2Fv2%2Fcomments&post=10"}],"version-history":[{"count":4,"href":"https:\/\/fewo-tessenow.de\/index.php?rest_route=\/wp\/v2\/pages\/10\/revisions"}],"predecessor-version":[{"id":133,"href":"https:\/\/fewo-tessenow.de\/index.php?rest_route=\/wp\/v2\/pages\/10\/revisions\/133"}],"wp:attachment":[{"href":"https:\/\/fewo-tessenow.de\/index.php?rest_route=%2Fwp%2Fv2%2Fmedia&parent=10"}],"curies":[{"name":"wp","href":"https:\/\/api.w.org\/{rel}","templated":true}]}}