{"id":134,"date":"2018-10-30T13:30:23","date_gmt":"2018-10-30T13:30:23","guid":{"rendered":"http:\/\/fewo-tessenow.de\/?page_id=134"},"modified":"2018-10-30T20:12:52","modified_gmt":"2018-10-30T20:12:52","slug":"ausstattung-der-raeume","status":"publish","type":"page","link":"https:\/\/fewo-tessenow.de\/?page_id=134","title":{"rendered":"Ausstattung der R\u00e4ume"},"content":{"rendered":"<p><strong><span style=\"color: #ff0000;\">Kurzfassung:<\/span><\/strong> 1 Wohnzimmer mit Kamin, E\u00dftisch und Sofa;\u00a0 K\u00fcche mit umfangreicher Ausstattung; Duschbad mit Waschmaschine; 2 separate WC-R\u00e4ume; 3 Schlafzimmer mit Betten f\u00fcr insgesamt 6, maximal 8 Personen; Kinderbett und -stuhl m\u00f6glich, Kindergitter an der Treppe; Terrasse mit Tisch und B\u00e4nken, Grill, Sonnenschirm<\/p>\n<p>Betreten wird das Haus durch die Hauseingangst\u00fcr auf der Nordseite.<\/p>\n<p>Dahinter befindet sich ein kleiner <span style=\"color: #0000ff;\"><strong>Flur als Windfang<\/strong><\/span>. Hier k\u00f6nnen Jacken, M\u00e4ntel, Schuhe, M\u00fctzen und \u00c4hnliches abgelegt werden. Ein gro\u00dfer Spiegel ist vorhanden, auch ein Stuhl zum Hinsetzen(beim Schuhanziehen).<br \/>\nVom Flur f\u00fchrt die linke T\u00fcr in einen<strong><span style=\"color: #0000ff;\"> kleinen WC-Raum<\/span>.<\/strong><br \/>\nGeradezu geht es in&#8217;s Wohnzimmer.<br \/>\nRechts ist eine T\u00fcr zum <strong>Abstellraum<\/strong>. Hier befindet sich auch der Elektro-Z\u00e4hler.<br \/>\nIm <span style=\"color: #0000ff;\"><strong>Wohnzimmer<\/strong><\/span> steht der <strong>Kamin<\/strong>, mit dem das ganze Haus geheizt werden kann. Au\u00dferdem steht hier der gro\u00dfe Eichen-Vollholz-<strong>E\u00dftisch<\/strong>, der noch mit 2 Platten verl\u00e4ngert werden kann. Es geh\u00f6ren <strong>8 St\u00fchle<\/strong> zu dem Tisch. F\u00fcr Kleinkinder steht ein <strong>Kinderstuhl<\/strong> bereit.\u00a0\u00a0\u00a0\u00a0\u00a0\u00a0\u00a0\u00a0\u00a0\u00a0\u00a0\u00a0\u00a0\u00a0\u00a0\u00a0\u00a0\u00a0\u00a0\u00a0\u00a0 Zum bequemen Sitzen stehen eine <strong>Couch und mehrere Sessel<\/strong> zur Verf\u00fcgung. Ein kleiner Fernseher ist vorhanden. Im Wohnzimmerschrank stehen Gl\u00e4ser f\u00fcr verschiedene Getr\u00e4nke und im Unterteil auch einiges an Spielzeug f\u00fcr kleinere Kinder.<\/p>\n<p>Links der Wohnzimmereingangst\u00fcr geht eine T\u00fcr in das<span style=\"color: #0000ff;\"><strong> Bad,<\/strong><\/span> welches mit <strong>Dusche<\/strong>, Waschbecken und <strong>Waschmaschine<\/strong> ausgestattet ist. Es gibt auch einen F\u00f6hn, einen Beutel mit Klammern, ein Tockengestell f\u00fcr innen, ca. 8 kurze Leinen zum Trocknen der Handt\u00fccher, einen W\u00e4schekorb, eine Sch\u00fcssel und eine Babybadewanne. Drau\u00dfen gibt es auch noch eine W\u00e4scheleine f\u00fcr das Trocknen im Freien. Vom Bad aus kann man auch den unteren WC-Raum betreten.<\/p>\n<p>Hinter dem Kamin ist ebenfalls links die T\u00fcr zur <span style=\"color: #0000ff;\"><strong>K\u00fcche<\/strong><\/span>. Die K\u00fcche ist ausgestattet mit einem Herd mit <strong>Cerankochfeld und Umluft-Backofen<\/strong>, einem <strong>K\u00fchlschrank<\/strong> mit gro\u00dfem Tiefk\u00fchlfach, einer <strong>Mikrowelle, Kaffeemaschine<\/strong> mit 2 Thermoskannen, <strong>Toaster<\/strong>, <strong>Wasserkocher, Eierkocher, R\u00fchrger\u00e4t, Stabmixer und Multiboy<\/strong>.<br \/>\nDas \u00fcbliche Geschirr ist 12-fach vorhanden, auch Besteck. Au\u00dferdem gibt es 2 Teekannen, 2 Kaffeekannen, 2 Kr\u00fcge, 5 Sch\u00fcsseln unterschiedlicher Gr\u00f6\u00dfe, Siebe, Durchschl\u00e4ge, Trichter, 2 Vorlegeplatten, 1 Tortenplatte, 4 kleinere Sch\u00fcsseln, Einzeltassen, Eierbecher und noch allerhand Kellen, Holz-R\u00fchrl\u00f6ffel, Schneebesen, Messer, Knoblauchpresse, Flaschen\u00f6ffner etc., nicht zu vergessen: etliche T\u00f6pfe und Pfannen. Neu ist seit 2018 ein 2-fach klappbarer Tisch, wenn mal richtig viel gekocht werden soll als Abstellm\u00f6glichkeit oder f\u00fcr diejenigen, die in der K\u00fcche essen wollen. In der K\u00fcche stehen drei Beh\u00e4lter zum getrennten Sammeln der Abf\u00e4lle.<\/p>\n<p>Aus dem Wohnzimmer f\u00fchrt die <span style=\"color: #0000ff;\">Treppe<\/span> in das Obergeschoss. Am oberen Ende der Treppe kann ein <strong>kindersicheres Gitter<\/strong> geschlossen werden.<br \/>\nVom oberen Flur gehen die 3 Schlafzimmer ab und es gibt dort das<br \/>\n<strong><span style=\"color: #0000ff;\">2. separate WC<\/span>,<\/strong> so dass man nachts nicht die Treppe hinunter muss.<\/p>\n<p><span style=\"color: #0000ff;\">Das <strong>gro\u00dfe Schlafzimmer<\/strong> ist ausgestattet mit:<\/span><br \/>\n1. 1 <strong>Bett 1,40 m breit u. 2 m lang<\/strong> mit einer durchgehenden Matratze, dazu 2 Ablagen<br \/>\n2. 1 <strong>viersitziges Sofa,<\/strong> welches mit Couchtisch<br \/>\n<strong>A<\/strong>: bequem zum Sitzen ist,aber<br \/>\n<strong>B<\/strong>: durch Entfernen der 3 R\u00fcckenpolster zum <strong>Schlafen f\u00fcr 1 Person<\/strong>\u00a0\u00a0\u00a0\u00a0\u00a0\u00a0 oder<br \/>\n<strong>C<\/strong>: durch Herausziehen der unteren Auflage und Verlegung der 3<br \/>\nSitzpolster zum <strong>Schlafen f\u00fcr 2 Personen<\/strong> umgebaut werden kann.<br \/>\n3. ein Schrank, an dem jetzt neu eine hoch klappbare Wickelauflage<br \/>\nbefestigt ist.<br \/>\n4. 1 Couchtisch<br \/>\n5. 1 einzelner Sessel<br \/>\n6. 2 St\u00fchle zum Ablegen der Sachen<\/p>\n<p><span style=\"color: #0000ff;\">Das <strong>2. Schlafzimmer<\/strong> ist ausgestattet mit:<\/span><br \/>\n1. einem <strong>Ehebett 2 m breit, 2 m lang<\/strong> mit 2 Matratzen von je 1 m Breite.<br \/>\n2. An jeder Seite des Bettes gibt es eine Ablagem\u00f6glichkeit.<br \/>\n3. einem Kleiderschrank<br \/>\n4. einer Sitzgruppe aus einem Korbtisch und 2 Korbsesseln;<br \/>\n5. Ein<strong> Kleinkinderbett kann aufgestellt werden<\/strong>.<\/p>\n<p><span style=\"color: #0000ff;\">Das <strong>3. Schlafzimmer<\/strong> ist ausgestattet mit:<\/span><br \/>\n<strong>2 Einzelbetten von je 0,90 m Breite<\/strong> und 1,90 m L\u00e4nge,<br \/>\n2 Nachtschr\u00e4nken,<br \/>\n1 Kleiderschrank,<br \/>\n2 St\u00fchlen zum Ablegen der Anziehsachen.<\/p>\n<p>Auf der <span style=\"color: #0000ff;\"><strong>S\u00fcdterrasse<\/strong> <\/span>steht eine rustikale Sitzgarnitur aus einem Tisch und zwei B\u00e4nken.<\/p>\n<p>Im Holzschuppen steht ein transportabler <span style=\"color: #0000ff;\">Holzkohlengrill<\/span> zur Verwendung bereit. ( nur nicht bei Waldbrandgefahr verwenden!!)<\/p>\n<p>Hinter dem Holzschuppen befindet sich der Komposthaufen und die 3 Abfallbeh\u00e4lter f\u00fcr die getrennte Abfuhr von Restm\u00fcll, Verpackungsm\u00fcll und Papier.<\/p>\n<p>Im Abstellraum stehen 3 oder 4 einfache Liegest\u00fchle bereit. Ein Sonnenschirm ist vorhanden.<\/p>\n","protected":false},"excerpt":{"rendered":"<p>Kurzfassung: 1 Wohnzimmer mit Kamin, E\u00dftisch und Sofa;\u00a0 K\u00fcche mit umfangreicher Ausstattung; Duschbad mit Waschmaschine; 2 separate WC-R\u00e4ume; 3 Schlafzimmer mit Betten f\u00fcr insgesamt 6, maximal 8 Personen; Kinderbett und &hellip; <\/p>\n","protected":false},"author":1,"featured_media":0,"parent":0,"menu_order":0,"comment_status":"closed","ping_status":"closed","template":"","meta":{"footnotes":""},"class_list":["post-134","page","type-page","status-publish","hentry"],"_links":{"self":[{"href":"https:\/\/fewo-tessenow.de\/index.php?rest_route=\/wp\/v2\/pages\/134","targetHints":{"allow":["GET"]}}],"collection":[{"href":"https:\/\/fewo-tessenow.de\/index.php?rest_route=\/wp\/v2\/pages"}],"about":[{"href":"https:\/\/fewo-tessenow.de\/index.php?rest_route=\/wp\/v2\/types\/page"}],"author":[{"embeddable":true,"href":"https:\/\/fewo-tessenow.de\/index.php?rest_route=\/wp\/v2\/users\/1"}],"replies":[{"embeddable":true,"href":"https:\/\/fewo-tessenow.de\/index.php?rest_route=%2Fwp%2Fv2%2Fcomments&post=134"}],"version-history":[{"count":22,"href":"https:\/\/fewo-tessenow.de\/index.php?rest_route=\/wp\/v2\/pages\/134\/revisions"}],"predecessor-version":[{"id":156,"href":"https:\/\/fewo-tessenow.de\/index.php?rest_route=\/wp\/v2\/pages\/134\/revisions\/156"}],"wp:attachment":[{"href":"https:\/\/fewo-tessenow.de\/index.php?rest_route=%2Fwp%2Fv2%2Fmedia&parent=134"}],"curies":[{"name":"wp","href":"https:\/\/api.w.org\/{rel}","templated":true}]}}